{"id":5,"date":"2009-02-08T06:47:26","date_gmt":"2009-02-08T04:47:26","guid":{"rendered":"http:\/\/www.sopayaso.com\/blog\/?page_id=5"},"modified":"2017-09-28T17:44:31","modified_gmt":"2017-09-28T15:44:31","slug":"sobremi","status":"publish","type":"page","link":"https:\/\/www.sopayaso.com\/blog\/sobremi\/","title":{"rendered":"Acerca de &#8230;"},"content":{"rendered":"<p style=\"text-align: left;\" align=\"center\">Puede que me deje llevar puede que levante la voz<br \/>\nwhy puede que me arranque sin m\u00e1s,<br \/>\n\u00a1a ver qu\u00e9 me dice despu\u00e9s!<br \/>\nQuiero ser tu perro fiel,<br \/>\ntu esclavo sin rechistar<br \/>\nque luego me desato why ver\u00e1s,<br \/>\n\u00a1a ver qu\u00e9 me dices despu\u00e9s!<br \/>\nSo payaso, me tiemblan los pies a su lado<br \/>\nme dice que estoy descolor\u00edo,<br \/>\nla empiezo a besar&#8230;<br \/>\n\u00a1a ver qu\u00e9 me dice despu\u00e9s!<br \/>\nSo cretino, me tiemblan los pies a su lado<br \/>\nme dice que estoy desconoc\u00edo,<br \/>\nme empiezo a pensar&#8230;<br \/>\n\u00a1a ver qu\u00e9 me dice despu\u00e9s!<br \/>\nAc\u00e9rcate why ver\u00e1s<br \/>\nque no s\u00e9 como hacerlo peor,<br \/>\ndespacito pero mu mal,<br \/>\n\u00a1a ver qu\u00e9 me dice despu\u00e9s!<br \/>\nHago casas de cart\u00f3n,<br \/>\nayer beb\u00ed hasta jurar<br \/>\npero hoy no me levanta ni dios,<br \/>\n\u00a1a ver qu\u00e9 me dice despu\u00e9s!<br \/>\nSo payaso&#8230;<\/p>\n<p align=\"center\">\n","protected":false},"excerpt":{"rendered":"<p>Puede que me deje llevar puede que levante la voz why puede que me arranque sin m\u00e1s, \u00a1a ver qu\u00e9 me dice despu\u00e9s! Quiero ser tu perro fiel, tu esclavo sin rechistar que luego me desato why ver\u00e1s, \u00a1a ver qu\u00e9 me dices despu\u00e9s! So payaso, me tiemblan los pies a su lado me dice [&hellip;]<\/p>\n","protected":false},"author":1,"featured_media":0,"parent":0,"menu_order":0,"comment_status":"closed","ping_status":"closed","template":"","meta":{"footnotes":""},"class_list":["post-5","page","type-page","status-publish","hentry"],"_links":{"self":[{"href":"https:\/\/www.sopayaso.com\/blog\/wp-json\/wp\/v2\/pages\/5","targetHints":{"allow":["GET"]}}],"collection":[{"href":"https:\/\/www.sopayaso.com\/blog\/wp-json\/wp\/v2\/pages"}],"about":[{"href":"https:\/\/www.sopayaso.com\/blog\/wp-json\/wp\/v2\/types\/page"}],"author":[{"embeddable":true,"href":"https:\/\/www.sopayaso.com\/blog\/wp-json\/wp\/v2\/users\/1"}],"replies":[{"embeddable":true,"href":"https:\/\/www.sopayaso.com\/blog\/wp-json\/wp\/v2\/comments?post=5"}],"version-history":[{"count":0,"href":"https:\/\/www.sopayaso.com\/blog\/wp-json\/wp\/v2\/pages\/5\/revisions"}],"wp:attachment":[{"href":"https:\/\/www.sopayaso.com\/blog\/wp-json\/wp\/v2\/media?parent=5"}],"curies":[{"name":"wp","href":"https:\/\/api.w.org\/{rel}","templated":true}]}}